{"id":633,"date":"2015-07-21T13:42:33","date_gmt":"2015-07-21T13:42:33","guid":{"rendered":"http:\/\/capethemes.com\/demo\/industry\/?page_id=633"},"modified":"2025-04-11T21:04:41","modified_gmt":"2025-04-11T18:04:41","slug":"hakkimizda","status":"publish","type":"page","link":"https:\/\/terra216.com\/index.php\/hakkimizda\/","title":{"rendered":"HAKKIMIZDA"},"content":{"rendered":"\t\t<div data-elementor-type=\"wp-page\" data-elementor-id=\"633\" class=\"elementor elementor-633\" data-elementor-post-type=\"page\">\n\t\t\t\t\t\t<section class=\"elementor-section elementor-top-section elementor-element elementor-element-3af66ac elementor-section-boxed elementor-section-height-default elementor-section-height-default\" data-id=\"3af66ac\" data-element_type=\"section\" data-settings=\"{&quot;background_background&quot;:&quot;classic&quot;}\">\n\t\t\t\t\t\t\t<div class=\"elementor-background-overlay\"><\/div>\n\t\t\t\t\t\t\t<div class=\"elementor-container elementor-column-gap-wide\">\n\t\t\t\t\t<div class=\"elementor-column elementor-col-50 elementor-top-column elementor-element elementor-element-c88c80a\" data-id=\"c88c80a\" data-element_type=\"column\">\n\t\t\t<div class=\"elementor-widget-wrap elementor-element-populated\">\n\t\t\t\t\t\t<div class=\"elementor-element elementor-element-6fea3345 elementor-widget elementor-widget-heading\" data-id=\"6fea3345\" data-element_type=\"widget\" data-widget_type=\"heading.default\">\n\t\t\t\t<div class=\"elementor-widget-container\">\n\t\t\t\t\t<h2 class=\"elementor-heading-title elementor-size-xxl\">Terra 216 <\/h2>\t\t\t\t<\/div>\n\t\t\t\t<\/div>\n\t\t\t\t<div class=\"elementor-element elementor-element-8bbdf1f elementor-widget elementor-widget-heading\" data-id=\"8bbdf1f\" data-element_type=\"widget\" data-widget_type=\"heading.default\">\n\t\t\t\t<div class=\"elementor-widget-container\">\n\t\t\t\t\t<h3 class=\"elementor-heading-title elementor-size-default\">Gelece\u011fi \u015eekillendiren Yap\u0131lar, G\u00fcvenle \u0130n\u015fa Edilir.<\/h3>\t\t\t\t<\/div>\n\t\t\t\t<\/div>\n\t\t\t\t\t<\/div>\n\t\t<\/div>\n\t\t\t\t<div class=\"elementor-column elementor-col-50 elementor-top-column elementor-element elementor-element-7d2eb26 elementor-hidden-tablet elementor-hidden-phone\" data-id=\"7d2eb26\" data-element_type=\"column\">\n\t\t\t<div class=\"elementor-widget-wrap\">\n\t\t\t\t\t\t\t<\/div>\n\t\t<\/div>\n\t\t\t\t\t<\/div>\n\t\t<\/section>\n\t\t<div class=\"elementor-element elementor-element-a5063fd e-flex e-con-boxed e-con e-parent\" data-id=\"a5063fd\" data-element_type=\"container\">\n\t\t\t\t\t<div class=\"e-con-inner\">\n\t\t\t\t<div class=\"elementor-element elementor-element-84edb33 elementor-widget elementor-widget-text-editor\" data-id=\"84edb33\" data-element_type=\"widget\" data-widget_type=\"text-editor.default\">\n\t\t\t\t<div class=\"elementor-widget-container\">\n\t\t\t\t\t\t\t\t\t<h3 class=\"\" data-start=\"120\" data-end=\"138\"><strong data-start=\"124\" data-end=\"138\">Hakk\u0131m\u0131zda<\/strong><\/h3><p class=\"\" data-start=\"140\" data-end=\"420\">Terra216, in\u015faat sekt\u00f6r\u00fcnde g\u00fc\u00e7l\u00fc bir ge\u00e7mi\u015fe sahip, kaliteli ve s\u00fcrd\u00fcr\u00fclebilir projelere imza atan lider bir firmad\u0131r. M\u00fchendislikten mimariye, kentsel d\u00f6n\u00fc\u015f\u00fcmden end\u00fcstriyel tesislere kadar geni\u015f bir hizmet yelpazesi sunarak, her projeyi \u00f6zveri ve titizlikle hayata ge\u00e7iriyoruz.<\/p><p class=\"\" data-start=\"422\" data-end=\"812\">Amac\u0131m\u0131z, her alanda yenilik\u00e7i ve \u00e7a\u011fda\u015f \u00e7\u00f6z\u00fcmler \u00fcreterek, ya\u015fam kalitesini art\u0131ran ve topluma de\u011fer katan yap\u0131lar in\u015fa etmektir. Sadece binalar in\u015fa etmekle kalm\u0131yor, ayn\u0131 zamanda bu yap\u0131lar\u0131 \u00e7evre dostu, s\u00fcrd\u00fcr\u00fclebilir ve insan odakl\u0131 hale getiriyoruz. Terra216 olarak, m\u00fc\u015fteri memnuniyetini her zaman \u00f6n planda tutarak, projelerimizin her a\u015famas\u0131nda en y\u00fcksek standartlar\u0131 hedefliyoruz.<\/p><p class=\"\" data-start=\"814\" data-end=\"1078\">G\u00fc\u00e7l\u00fc m\u00fchendislik altyap\u0131m\u0131z, deneyimli ekibimiz ve sekt\u00f6rdeki derin bilgi birikimimizle, her projeyi zaman\u0131nda ve b\u00fct\u00e7eye uygun \u015fekilde tamaml\u0131yoruz. \u0130n\u015fa etti\u011fimiz yap\u0131larla, sadece bug\u00fcn\u00fcn ihtiya\u00e7lar\u0131n\u0131 de\u011fil, gelece\u011fin ihtiya\u00e7lar\u0131n\u0131 da kar\u015f\u0131lamay\u0131 ama\u00e7l\u0131yoruz.<\/p><p class=\"\" data-start=\"1080\" data-end=\"1288\">Terra216, g\u00fcvenin, kalitenin ve s\u00fcrd\u00fcr\u00fclebilirli\u011fin bulu\u015fma noktas\u0131d\u0131r. Biz, her projede kal\u0131c\u0131 izler b\u0131rakmay\u0131, \u015fehirleri yeniden \u015fekillendirmeyi ve ya\u015fam alanlar\u0131n\u0131 daha iyi hale getirmeyi hedefliyoruz.<\/p>\t\t\t\t\t\t\t\t<\/div>\n\t\t\t\t<\/div>\n\t\t\t\t\t<\/div>\n\t\t\t\t<\/div>\n\t\t\t\t<\/div>\n\t\t","protected":false},"excerpt":{"rendered":"<div class=\"tmnf_excerpt\"><p>Terra 216 Gelece\u011fi \u015eekillendiren Yap\u0131lar, G\u00fcvenle \u0130n\u015fa Edilir. Hakk\u0131m\u0131zda Terra216, in\u015faat sekt\u00f6r\u00fcnde g\u00fc\u00e7l\u00fc bir ge\u00e7mi\u015fe sahip, kaliteli ve s\u00fcrd\u00fcr\u00fclebilir projelere imza atan lider bir firmad\u0131r. M\u00fchendislikten mimariye, kentsel d\u00f6n\u00fc\u015f\u00fcmden end\u00fcstriyel tesislere kadar geni\u015f bir hizmet yelpazesi sunarak, her projeyi \u00f6zveri ve titizlikle hayata ge\u00e7iriyoruz. Amac\u0131m\u0131z, her alanda yenilik\u00e7i ve \u00e7a\u011fda\u015f \u00e7\u00f6z\u00fcmler \u00fcreterek, ya\u015fam kalitesini art\u0131ran &hellip;<\/p>\n<\/div>","protected":false},"author":1,"featured_media":0,"parent":0,"menu_order":0,"comment_status":"closed","ping_status":"closed","template":"elementor_header_footer","meta":{"footnotes":""},"class_list":["post-633","page","type-page","status-publish","hentry"],"_links":{"self":[{"href":"https:\/\/terra216.com\/index.php\/wp-json\/wp\/v2\/pages\/633","targetHints":{"allow":["GET"]}}],"collection":[{"href":"https:\/\/terra216.com\/index.php\/wp-json\/wp\/v2\/pages"}],"about":[{"href":"https:\/\/terra216.com\/index.php\/wp-json\/wp\/v2\/types\/page"}],"author":[{"embeddable":true,"href":"https:\/\/terra216.com\/index.php\/wp-json\/wp\/v2\/users\/1"}],"replies":[{"embeddable":true,"href":"https:\/\/terra216.com\/index.php\/wp-json\/wp\/v2\/comments?post=633"}],"version-history":[{"count":8,"href":"https:\/\/terra216.com\/index.php\/wp-json\/wp\/v2\/pages\/633\/revisions"}],"predecessor-version":[{"id":7727,"href":"https:\/\/terra216.com\/index.php\/wp-json\/wp\/v2\/pages\/633\/revisions\/7727"}],"wp:attachment":[{"href":"https:\/\/terra216.com\/index.php\/wp-json\/wp\/v2\/media?parent=633"}],"curies":[{"name":"wp","href":"https:\/\/api.w.org\/{rel}","templated":true}]}}